{"id":11871,"date":"2024-07-12T12:56:10","date_gmt":"2024-07-12T10:56:10","guid":{"rendered":"http:\/\/www.rallye-maroc-classic.com\/?page_id=11871"},"modified":"2025-10-24T08:58:26","modified_gmt":"2025-10-24T06:58:26","slug":"prestations-tarifs-2","status":"publish","type":"page","link":"http:\/\/www.rallye-maroc-classic.com\/en\/prestations-tarifs-2\/","title":{"rendered":"Services &#038; Fees"},"content":{"rendered":"<h1>PRESTATIONS et TARIFS<\/h1>\r\n\r\n<img loading=\"lazy\" decoding=\"async\" src=\"http:\/\/www.rallye-maroc-classic.com\/wp-content\/uploads\/2025\/08\/poster-ramac2026-scaled.png\" alt=\"\" width=\"2560\" height=\"1699\" class=\"alignnone size-full wp-image-12466\" srcset=\"http:\/\/www.rallye-maroc-classic.com\/wp-content\/uploads\/2025\/08\/poster-ramac2026-scaled.png 2560w, http:\/\/www.rallye-maroc-classic.com\/wp-content\/uploads\/2025\/08\/poster-ramac2026-300x199.png 300w, http:\/\/www.rallye-maroc-classic.com\/wp-content\/uploads\/2025\/08\/poster-ramac2026-1024x679.png 1024w, http:\/\/www.rallye-maroc-classic.com\/wp-content\/uploads\/2025\/08\/poster-ramac2026-768x510.png 768w, http:\/\/www.rallye-maroc-classic.com\/wp-content\/uploads\/2025\/08\/poster-ramac2026-1536x1019.png 1536w, http:\/\/www.rallye-maroc-classic.com\/wp-content\/uploads\/2025\/08\/poster-ramac2026-2048x1359.png 2048w, http:\/\/www.rallye-maroc-classic.com\/wp-content\/uploads\/2025\/08\/poster-ramac2026-272x182.png 272w\" sizes=\"auto, (max-width: 2560px) 100vw, 2560px\" \/>\r\n<div class=\"su-spacer\" style=\"height:30px\"><\/div>\r\n\r\n<div class=\"su-row\"><div class=\"su-column su-column-size-1-2\"><div class=\"su-column-inner su-u-clearfix su-u-trim\">\r\n\r\n<h2>PRESTATIONS INCLUSES<\/h2>\r\n&#8211; 6 nuits en chambre double (ou twin)<br>\r\n&#8211; 6 diners et 5 d\u00e9jeuners<br>\r\n&#8211; Cocktails, Ap\u00e9ritifs, Vins<br>\r\n&#8211; Bar \u00e0 champagne<br>\r\n&#8211; Pauses-caf\u00e9<br>\r\n&#8211; Transferts des bagages<br>\r\n&#8211; Staff d\u2019encadrement<br>\r\n&#8211; Equipe de m\u00e9caniciens<br>\r\n&#8211; Voiture de courtoisie<br>\r\n&#8211; Droits sportifs<br>\r\n&#8211; Epreuves ludiques<br>\r\n&#8211; Assurance RC organisateur<br>\r\n&#8211; Autocollants et Goodies<br>\r\n&#8211; Epreuves de r\u00e9gularit\u00e9<br>\r\n&#8211; Classements<br>\r\n&#8211; Prix et Troph\u00e9es\r\n<div class=\"su-spacer\" style=\"height:20px\"><\/div>\r\n<div class=\"su-note\"  style=\"border-color:#bdbdbd;border-radius:4px;-moz-border-radius:4px;-webkit-border-radius:4px;\"><div class=\"su-note-inner su-u-clearfix su-u-trim\" style=\"background-color:#D7D7D7;border-color:#ffffff;color:#333333;border-radius:4px;-moz-border-radius:4px;-webkit-border-radius:4px;\">\r\n<h2>TARIF : 12 800 \u20ac<\/h2>\r\navant le 15 octobre 2025\r\n<\/div><\/div>\r\n<div class=\"su-note\"  style=\"border-color:#bdbdbd;border-radius:4px;-moz-border-radius:4px;-webkit-border-radius:4px;\"><div class=\"su-note-inner su-u-clearfix su-u-trim\" style=\"background-color:#D7D7D7;border-color:#ffffff;color:#333333;border-radius:4px;-moz-border-radius:4px;-webkit-border-radius:4px;\">\r\n<h4>TARIF : 13 400 \u20ac<\/h4>\r\napr\u00e8s le 15 septembre 2025\r\n<\/div><\/div>\r\n\r\n\r\n<\/div><\/div>\r\n<div class=\"su-column su-column-size-1-2\"><div class=\"su-column-inner su-u-clearfix su-u-trim\">\r\n<h2>TRANSPORT VOITURE INCLUS<\/h2>\r\n&#8211; FRANCE (Paris, Lyon, Bordeaux)<br>\r\n&#8211; BELGIQUE (Bruxelles, Liege)<br>\r\n&#8211; SUISSE (Geneve, Zurich)<br>\r\n+ autres villes\r\n<h5>ALLER-RETOUR UNIQUEMENT<\/h5>\r\n<div class=\"su-spacer\" style=\"height:20px\"><\/div>\r\n<h2>PRESTATIONS NON-INCLUSES<\/h2>\r\n&#8211; D\u00e9jeuner durant la journ\u00e9e de v\u00e9rifications<br>\r\n&#8211; Carburant<br>\r\n&#8211; Tout extra personnel<br>\r\n<div class=\"su-spacer\" style=\"height:20px\"><\/div>\r\n<h2>PRESTATIONS EN  OPTION<\/h2>\r\n<h5>TARIF : nous consulter<\/h5>\r\n&#8211; SURCLASSEMENT SUITE<br>\r\n&#8211; 2 CHAMBRES SINGLE<br>\r\n&#8211; NUITS SUPPLEMENTAIRES AVANT ET APRES LE RALLYE<br>\r\n&#8211; NUITS A LA MAMOUNIA DE MARRAKECH<br>\r\n\r\n\r\n<\/div><\/div><\/div>\r\n<div class=\"su-spacer\" style=\"height:20px\"><\/div>\r\n<div class=\"su-row\">\r\n<div class=\"su-column su-column-size-1-4\"><div class=\"su-column-inner su-u-clearfix su-u-trim\">\r\n<div class=\"su-note\"  style=\"border-color:#2a2a2a;border-radius:3px;-moz-border-radius:3px;-webkit-border-radius:3px;\"><div class=\"su-note-inner su-u-clearfix su-u-trim\" style=\"background-color:#444444;border-color:#ffffff;color:#FFFFFF;border-radius:3px;-moz-border-radius:3px;-webkit-border-radius:3px;\"><H2>TRANSPORT VOITURE<\/H2>\r\nQuelle que soit la destination, nous proposons une solution de transport pour votre voiture, au d\u00e9part de diff\u00e9rentes villes europ\u00e9ennes. Pour un \u00aballer simple\u00bb ou un \u00aballer-retour\u00bb, votre automobile voyagera sur camion \u00abouvert\u00bb&#8230;<\/div><\/div>\r\n<\/div><\/div>\r\n<div class=\"su-column su-column-size-1-4\"><div class=\"su-column-inner su-u-clearfix su-u-trim\">\r\n<div class=\"su-note\"  style=\"border-color:#2a2a2a;border-radius:3px;-moz-border-radius:3px;-webkit-border-radius:3px;\"><div class=\"su-note-inner su-u-clearfix su-u-trim\" style=\"background-color:#444444;border-color:#ffffff;color:#FFFFFF;border-radius:3px;-moz-border-radius:3px;-webkit-border-radius:3px;\"><H2>ASSISTANCE MECANIQUE<\/H2>\r\nUne \u00e9quipe d\u2019assistance suit le parcours et reste \u00e0 votre disposition en cas de panne m\u00e9canique. Des voitures de courtoisie sont pr\u00e9vues en cas de panne et vous permettront de rejoindre la  ville \u00e9tape si votre voiture ne pouvait pas \u00eatre r\u00e9par\u00e9e sur place.<\/div><\/div>\r\n<\/div><\/div>\r\n<div class=\"su-column su-column-size-1-4\"><div class=\"su-column-inner su-u-clearfix su-u-trim\">\r\n<div class=\"su-note\"  style=\"border-color:#2a2a2a;border-radius:3px;-moz-border-radius:3px;-webkit-border-radius:3px;\"><div class=\"su-note-inner su-u-clearfix su-u-trim\" style=\"background-color:#444444;border-color:#ffffff;color:#FFFFFF;border-radius:3px;-moz-border-radius:3px;-webkit-border-radius:3px;\"><H2>SERVICE BAGAGES<\/H2>\r\nNe disposant souvent que de peu d\u2019espace dans vos v\u00e9hicules pour le transport de vos bagages, notre \u00e9quipe d\u2019organisation assure leur convoyage d\u2019h\u00f4tels en h\u00f4tels. A chaque \u00e9tape, vous retrouverez vos bagages directement dans votre chambre.<\/div><\/div>\r\n<\/div><\/div>\r\n<div class=\"su-column su-column-size-1-4\"><div class=\"su-column-inner su-u-clearfix su-u-trim\">\r\n<div class=\"su-note\"  style=\"border-color:#2a2a2a;border-radius:3px;-moz-border-radius:3px;-webkit-border-radius:3px;\"><div class=\"su-note-inner su-u-clearfix su-u-trim\" style=\"background-color:#444444;border-color:#ffffff;color:#FFFFFF;border-radius:3px;-moz-border-radius:3px;-webkit-border-radius:3px;\"><H2>SEJOURS PROLONGES<\/H2>\r\nQuel que soit le rallye que vous choisissez, nos \u00e9v\u00e8nements se d\u00e9roulent en semaine, vous pourrez alors prolonger vos s\u00e9jours, avant et apr\u00e8s les rallyes, en b\u00e9n\u00e9ficiant de conditions particuli\u00e8res. Des solutions de voyages pourront aussi \u00eatre propos\u00e9es.<\/div><\/div>\r\n<\/div><\/div>\r\n<\/div>","protected":false},"excerpt":{"rendered":"<p>PRESTATIONS et TARIFS<\/p>\n","protected":false},"author":2,"featured_media":0,"parent":0,"menu_order":0,"comment_status":"closed","ping_status":"closed","template":"","meta":{"footnotes":""},"class_list":["post-11871","page","type-page","status-publish","hentry","post"],"translation":{"provider":"WPGlobus","version":"3.0.2","language":"en","enabled_languages":["fr","en"],"languages":{"fr":{"title":true,"content":true,"excerpt":false},"en":{"title":true,"content":false,"excerpt":false}}},"_links":{"self":[{"href":"http:\/\/www.rallye-maroc-classic.com\/en\/wp-json\/wp\/v2\/pages\/11871","targetHints":{"allow":["GET"]}}],"collection":[{"href":"http:\/\/www.rallye-maroc-classic.com\/en\/wp-json\/wp\/v2\/pages"}],"about":[{"href":"http:\/\/www.rallye-maroc-classic.com\/en\/wp-json\/wp\/v2\/types\/page"}],"author":[{"embeddable":true,"href":"http:\/\/www.rallye-maroc-classic.com\/en\/wp-json\/wp\/v2\/users\/2"}],"replies":[{"embeddable":true,"href":"http:\/\/www.rallye-maroc-classic.com\/en\/wp-json\/wp\/v2\/comments?post=11871"}],"version-history":[{"count":16,"href":"http:\/\/www.rallye-maroc-classic.com\/en\/wp-json\/wp\/v2\/pages\/11871\/revisions"}],"predecessor-version":[{"id":12481,"href":"http:\/\/www.rallye-maroc-classic.com\/en\/wp-json\/wp\/v2\/pages\/11871\/revisions\/12481"}],"wp:attachment":[{"href":"http:\/\/www.rallye-maroc-classic.com\/en\/wp-json\/wp\/v2\/media?parent=11871"}],"curies":[{"name":"wp","href":"https:\/\/api.w.org\/{rel}","templated":true}]}}