{"id":663,"date":"2018-03-03T18:17:39","date_gmt":"2018-03-03T17:17:39","guid":{"rendered":"http:\/\/www.rallye-maroc-classic.com\/?page_id=663"},"modified":"2018-05-11T15:40:26","modified_gmt":"2018-05-11T14:40:26","slug":"edition-2015","status":"publish","type":"page","link":"http:\/\/www.rallye-maroc-classic.com\/en\/edition-2015\/","title":{"rendered":"2015 Edition"},"content":{"rendered":"<h1>Rallye MAROC CLASSIC \u2013 la Route du C\u0153ur \u00a9\u00a02015<\/h1>\r\n<div class=\"su-vimeo su-u-responsive-media-yes\"><iframe loading=\"lazy\" width=\"1000\" height=\"400\" src=\"\/\/player.vimeo.com\/video\/127027795?title=0&amp;byline=0&amp;portrait=0&amp;color=ffffff&amp;autoplay=0&amp;dnt=0&amp;muted=0&amp;texttrack=\" frameborder=\"0\" allow=\"autoplay; fullscreen\" allowfullscreen title=\"\"><\/iframe><\/div>\r\n\r\n<h2>Rankings, step by step<\/h2>\r\n<hr\/>\r\n<div class=\"su-button-center\"><a href=\"http:\/\/www.rallye-maroc-classic.com\/wp-content\/uploads\/2015\/03\/Classement-Maroc-Classic_15mars2015.pdf\" class=\"su-button su-button-style-default su-button-wide\" style=\"color:#CC4625;background-color:#fafafa;border-color:#c8c8c8;border-radius:5px\" target=\"_blank\" rel=\"noopener noreferrer\"><span style=\"color:#CC4625;padding:0px 16px;font-size:13px;line-height:26px;border-color:#fcfcfc;border-radius:5px;text-shadow:none\"> Download the rankings on 15 March<\/span><\/a><\/div>\r\n\r\n<div class=\"su-button-center\"><a href=\"http:\/\/www.rallye-maroc-classic.com\/wp-content\/uploads\/2015\/03\/Classement-Maroc-Classic_16mars2015.pdf\" class=\"su-button su-button-style-default su-button-wide\" style=\"color:#CC4625;background-color:#fafafa;border-color:#c8c8c8;border-radius:5px\" target=\"_blank\" rel=\"noopener noreferrer\"><span style=\"color:#CC4625;padding:0px 16px;font-size:13px;line-height:26px;border-color:#fcfcfc;border-radius:5px;text-shadow:none\"> Download the rankings on 16 March<\/span><\/a><\/div>\r\n\r\n<div class=\"su-button-center\"><a href=\"http:\/\/www.rallye-maroc-classic.com\/wp-content\/uploads\/2015\/03\/Classement-Maroc-Classic_17mars2015.pdf\" class=\"su-button su-button-style-default su-button-wide\" style=\"color:#CC4625;background-color:#fafafa;border-color:#c8c8c8;border-radius:5px\" target=\"_blank\" rel=\"noopener noreferrer\"><span style=\"color:#CC4625;padding:0px 16px;font-size:13px;line-height:26px;border-color:#fcfcfc;border-radius:5px;text-shadow:none\"> Download the rankings on 17 March<\/span><\/a><\/div>\r\n\r\n<div class=\"su-button-center\"><a href=\"http:\/\/www.rallye-maroc-classic.com\/wp-content\/uploads\/2015\/03\/Classement-Maroc-Classic_18mars2015.pdf\" class=\"su-button su-button-style-default su-button-wide\" style=\"color:#CC4625;background-color:#fafafa;border-color:#c8c8c8;border-radius:5px\" target=\"_blank\" rel=\"noopener noreferrer\"><span style=\"color:#CC4625;padding:0px 16px;font-size:13px;line-height:26px;border-color:#fcfcfc;border-radius:5px;text-shadow:none\"> Download the rankings on 18 March<\/span><\/a><\/div>\r\n\r\n<div class=\"su-button-center\"><a href=\"http:\/\/www.rallye-maroc-classic.com\/wp-content\/uploads\/2015\/03\/Classement-Maroc-Classic_19mars20151.pdf\" class=\"su-button su-button-style-default su-button-wide\" style=\"color:#CC4625;background-color:#fafafa;border-color:#c8c8c8;border-radius:5px\" target=\"_blank\" rel=\"noopener noreferrer\"><span style=\"color:#CC4625;padding:0px 16px;font-size:13px;line-height:26px;border-color:#fcfcfc;border-radius:5px;text-shadow:none\"> Download the rankings on 19 March<\/span><\/a><\/div>\r\n\r\n<div class=\"su-button-center\"><a href=\"http:\/\/www.rallye-maroc-classic.com\/wp-content\/uploads\/2015\/03\/Classement-general201503202.pdf\" class=\"su-button su-button-style-default su-button-wide\" style=\"color:#CC4625;background-color:#fafafa;border-color:#c8c8c8;border-radius:5px\" target=\"_blank\" rel=\"noopener noreferrer\"><span style=\"color:#CC4625;padding:0px 16px;font-size:13px;line-height:26px;border-color:#fcfcfc;border-radius:5px;text-shadow:none\"> Download the rankings on 20 March<\/span><\/a><\/div>\r\n\r\n<div class=\"su-button-center\"><a href=\"http:\/\/www.rallye-maroc-classic.com\/wp-content\/uploads\/2015\/03\/GENERAL.pdf\" class=\"su-button su-button-style-default su-button-wide\" style=\"color:#fafafa;background-color:#CC4625;border-color:#a4381e;border-radius:5px\" target=\"_blank\" rel=\"noopener noreferrer\"><span style=\"color:#fafafa;padding:0px 16px;font-size:13px;line-height:26px;border-color:#dc7e67;border-radius:5px;text-shadow:none\"> Download the final rankings<\/span><\/a><\/div>\r\n\r\n\r\n\r\n\r\n<div class=\"su-row\"><div class=\"su-column su-column-size-2-3\"><div class=\"su-column-inner su-u-clearfix su-u-trim\">\r\n<h2>PROGRAM<\/h2>\r\n\r\n<strong>Samedi 14 mars\u00a0: CASABLANCA<\/strong>\r\nV\u00e9rifications administratives et techniques \u00e0 l\u2019h\u00f4tel Hyatt Regency\r\n\u00a0\r\n<strong>Dimanche 15 mars : 1ere Etape \/ CASABLANCA &#8211; Oualidia &#8211; ESSAOUIRA\r\nenviron\u00a0420 km \/ 3 ERR<\/strong>\r\n09h00 : D\u00e9part de la 1ere Etape \u00e0 Casablanca &#8211; Hyatt Regency\r\n11h30 : ERR 1 \u201cZemamra\u201d\r\n12h30 : D\u00e9jeuner \u00e0 Oualidia \u201cAraign\u00e9e Gourmande\u201d\r\n14h30 :\u2008ERR 2 \u201cHad Harrara\u201d\r\n16h20 : ERR 3 \u201cAkermoud\u201d\r\n17h20 : Arriv\u00e9e de la 1ere \u00e9tape \u00e0 Essaouira &#8211; Sofitel Golf &#038; Spa\r\n\r\n<strong>Lundi 16 mars : 2eme Etape \/ ESSAOUIRA &#8211; AGADIR\r\nenviron\u00a0250 km \/ 4 ERR<\/strong>\r\n10h30 : D\u00e9part de la 2eme \u00e9tape \u00e0 Essaouira &#8211; Sofitel Golf &#038; Spa\r\n10h40 : ERR 4 \u201c Golf Mogador\u201d\r\n12h30 : D\u00e9jeuner \u00e0 Essaouira &#8211; Place Bab Marrakech\r\n13h45 : ERR 5 \u201cSidi Kaouki\u201d\r\n15h15 : ERR 6 \u201cTiskatine\u201d\r\n16h45 : ERR 7 \u201cCascades d\u2019Immouzzer\u201d\r\n18h15 : Arriv\u00e9e de la 2eme \u00e9tape \u00e0 Agadir -\u2008Sofitel\r\n\r\n<strong>Mardi 17 mars : 3eme Etape \/ AGADIR &#8211; Taroudannt &#8211; AGADIR\r\nenviron 215 km \/ 3 ERR<\/strong>\r\n09h00 :\u2008D\u00e9part de la 3eme \u00e9tape \u00e0 Agadir &#8211; Sofitel\r\n09h30 : ERR 8 \u201cVall\u00e9e du Paradis\u201d\r\n10h45 : ERR 9 \u201cArgana\u201d\r\n12h00 : D\u00e9jeuner \u00e0 Taroudannt &#8211; La Gazelle d\u2019Or\r\n13h45 : ERR 10 \u201cCircuit Agadir\u201d\r\n17h30 : Arriv\u00e9e de la 3eme \u00e9tape \u00e0 Agadir &#8211; Sofitel\r\n\r\n<strong>Mercredi 18 mars : 4eme Etape \/ AGADIR &#8211; TAFRAOUTE\r\nenviron 275 km \/ 3 ERR<\/strong>\r\n09h00 : D\u00e9part de la 4eme \u00e9tape \u00e0 Agadir &#8211; Sofitel\r\n10h25 : ERR\u200811 \u201cAit Baha\u201d\r\n11h00 : ERR 12 \u201cOugnidif\u201d\r\n12h15 : D\u00e9jeuner \u00e0 Tafraoute &#8211; Site des rochers peints\r\n14h15 :\u2008ERR 13 \u201cAit Mansour\u201d\r\n15h30 : ERR 14 \u201cIdaousemlal\u201d\r\n16h15 : Arriv\u00e9e de la 4eme \u00e9tape \u00e0 Tafraoute &#8211; Site des rochers peints\r\n\u00a0\u00a0\u00a0\u00a0\u00a0\u00a0\u00a0\u00a0\u00a0\u00a0\u00a0\u00a0\u00a0\u00a0\u00a0\u00a0\u00a0\u00a0\u00a0\u00a0\u00a0\u00a0\u00a0\u00a0\u00a0\u00a0\u00a0\u00a0\u00a0\u00a0\u00a0\u00a0\u00a0\u00a0\u00a0\u00a0\u00a0\u00a0\u00a0\u00a0\u00a0\u00a0\u00a0\u00a0\u00a0\u00a0\r\n<strong>Jeudi 19 mars : 5eme Etape \/ TAFROUTE &#8211; Foum Zguid &#8211; OUARZAZATE\r\nenviron\u00a0470 km \/ 3 ERR<\/strong>\r\n08h45 : D\u00e9part de la 5eme \u00e9tape \u00e0 Tafraoute &#8211; Site des rochers peints\r\n09h50 : ERR\u200815 \u201cAzgour\u201d\r\n12h55 : D\u00e9jeuner \u00e0 Foum Zguid au Bab Rimal, chez Najji\r\n15h00 : ERR 16 \u201cFoum El Oued\u201d\r\n16h00 : ERR\u200817 \u201cTizi N Bachkoum\u201d\r\n17h10 : Arriv\u00e9e de la 5eme \u00e9tape \u00e0 Ouarzazate, Berb\u00e8re Palace\r\n\r\n<strong>Vendredi 20 mars : 6eme Etape \/ OUARZAZATE &#8211; Ouirgane &#8211; MARRAKECH \r\nenviron 300 km \/ 3 ERR<\/strong>\r\n08h45 : D\u00e9part de la 6eme \u00e9tape \u00e0 Ouarzazate, Berb\u00e8re Palace\r\n10h00 : ERR 18 \u201cIgherm N Ougdal\u201d\r\n10h30 : ERR\u200819 \u201cTizi N Tichka\u201d\r\n13h00 : D\u00e9jeuner \u00e0 Ouirgane \u00e0 \u201cLa Roseraie\u201d\r\n14h30 : ERR 20 \u201cAsni\u201d\r\n15h50 : Arriv\u00e9e de la 6eme \u00e9tape \u00e0 Marrakech, Palace Es\u2008Saadi\r\n\r\n<strong>Samedi 21 mars : 7eme Etape \/ MARRAKECH &#8211; MARRAKECH\u00a0\r\nEnviron 30 km \/ 1 ERC<\/strong>\r\n09h00 : D\u00e9part de la 7eme \u00e9tape \u00e0 Marrakech, Palace Es Saadi\r\n09h30 :\u2008ERR 21 \u201cCircuit Moulay El Hassan\u201d\r\n12h00 :\u2008Arriv\u00e9e du 22eme Rallye Maroc Classic \u00e0 Marrakech, Palace Es Saadi\r\n\r\n21h00 : D\u00eener de Gala et Remise des Prix \u00e0 Marrakech, Beldi Country Club\r\n\r\n<div class=\"su-spacer\" style=\"height:30px\"><\/div>\r\n<\/div><\/div>\r\n<div class=\"su-column su-column-size-1-3\"><div class=\"su-column-inner su-u-clearfix su-u-trim\">\r\n<h2>COURSE<\/h2>\r\n\r\n<a href=\"http:\/\/www.rallye-maroc-classic.com\/wp-content\/uploads\/2014\/10\/parcours.jpg\" rel=\"lightbox-0\"><img loading=\"lazy\" decoding=\"async\" src=\"http:\/\/www.rallye-maroc-classic.com\/wp-content\/uploads\/2014\/10\/parcours.jpg\" alt=\"&#091;cml_media_alt id='1069'&#093;parcours&#091;\/cml_media_alt&#093;\" width=\"800\" height=\"1011\" class=\"alignright size-full wp-image-1069\" \/><\/a>\r\n<\/div><\/div><\/div>","protected":false},"excerpt":{"rendered":"<p>Rallye MAROC CLASSIC \u2013 la Route du C\u0153ur \u00a9\u00a02015 Rankings, step by step<\/p>\n","protected":false},"author":2,"featured_media":0,"parent":0,"menu_order":0,"comment_status":"closed","ping_status":"closed","template":"","meta":{"footnotes":""},"class_list":["post-663","page","type-page","status-publish","hentry","post"],"translation":{"provider":"WPGlobus","version":"3.0.2","language":"en","enabled_languages":["fr","en"],"languages":{"fr":{"title":true,"content":true,"excerpt":false},"en":{"title":true,"content":true,"excerpt":false}}},"_links":{"self":[{"href":"http:\/\/www.rallye-maroc-classic.com\/en\/wp-json\/wp\/v2\/pages\/663","targetHints":{"allow":["GET"]}}],"collection":[{"href":"http:\/\/www.rallye-maroc-classic.com\/en\/wp-json\/wp\/v2\/pages"}],"about":[{"href":"http:\/\/www.rallye-maroc-classic.com\/en\/wp-json\/wp\/v2\/types\/page"}],"author":[{"embeddable":true,"href":"http:\/\/www.rallye-maroc-classic.com\/en\/wp-json\/wp\/v2\/users\/2"}],"replies":[{"embeddable":true,"href":"http:\/\/www.rallye-maroc-classic.com\/en\/wp-json\/wp\/v2\/comments?post=663"}],"version-history":[{"count":0,"href":"http:\/\/www.rallye-maroc-classic.com\/en\/wp-json\/wp\/v2\/pages\/663\/revisions"}],"wp:attachment":[{"href":"http:\/\/www.rallye-maroc-classic.com\/en\/wp-json\/wp\/v2\/media?parent=663"}],"curies":[{"name":"wp","href":"https:\/\/api.w.org\/{rel}","templated":true}]}}