{"id":8845,"date":"2022-11-26T12:46:41","date_gmt":"2022-11-26T11:46:41","guid":{"rendered":"http:\/\/www.rallye-maroc-classic.com\/?page_id=8845"},"modified":"2026-04-06T15:43:24","modified_gmt":"2026-04-06T13:43:24","slug":"palmares","status":"publish","type":"page","link":"http:\/\/www.rallye-maroc-classic.com\/en\/palmares\/","title":{"rendered":"Winners"},"content":{"rendered":"<head>\r\n<style>\r\ntable {\r\n  font-family: OPEN SANS, sans-serif;\r\n  border-collapse: collapse;\r\n  width: 100%;\r\n}\r\n\r\ntd, th {\r\n  font-size: 12px;\r\n  border: none;\r\n  text-align: left;\r\n  padding: 4px;\r\n}\r\n\r\ntr:nth-child(even) {\r\n  background-color: #dddddd;\r\n}\r\n<\/style>\r\n<\/head>\r\n\r\n<h1>PALMARES<\/h1>\r\n<img loading=\"lazy\" decoding=\"async\" src=\"http:\/\/www.rallye-maroc-classic.com\/wp-content\/uploads\/2022\/11\/grande-aquarelle-2023-CNP-brochure_ramac.jpeg\" alt=\"\" width=\"1200\" height=\"848\" class=\"alignnone size-full wp-image-8982\" \/>\r\n<table>\r\n  <tr>\r\n    <th>Ann\u00e9e<\/th>\r\n    <th>Cat\u00e9gorie<\/th>\r\n    <th>Pilote &#8211; CoPilote<\/th>\r\n    <th>Pays<\/th>\r\n    <th>Vehicule<\/th>\r\n  <\/tr>\r\n  <tr>\r\n    <td><strong>1\u00e8re Edition 1993<\/strong><\/td>\r\n    <td><em>Classic<\/em><\/td>\r\n    <td>De Muelunaere &#8211; Maertens<\/td>\r\n    <td>Belgique<\/td>\r\n    <td>Porsche 356<\/td>\r\n  <\/tr>\r\n  <tr>\r\n    <td><strong>2\u00e8me Edition 1995<\/strong><\/td>\r\n    <td><em>Classic<\/em><\/td>\r\n    <td>Greuet &#8211; Lair<\/td>\r\n    <td>France<\/td>\r\n    <td>Aston Martin DB5<\/td>\r\n  <\/tr>\r\n  <tr>\r\n    <td><strong>3\u00e8me Edition 1996<\/strong><\/td>\r\n    <td><em>Classic<\/em><\/td>\r\n    <td>Roux &#8211; Repoux<\/td>\r\n    <td>France<\/td>\r\n    <td>Alpine A110<\/td>\r\n  <\/tr>    \r\n  <tr>\r\n    <td><strong>4\u00e8me Edition 1997<\/strong><\/td>\r\n    <td><em>Classic<\/em><\/td>\r\n    <td>Neyret &#8211; Neyret<\/td>\r\n    <td>France<\/td>\r\n    <td>Ferrari 365 GTB4<\/td>\r\n  <\/tr>\r\n  <tr>\r\n    <td><strong>5\u00e8me Edition 1998<\/strong><\/td>\r\n    <td><em>Classic<\/em><\/td>\r\n    <td>Thiriet &#8211; Rosinsky<\/td>\r\n    <td>France<\/td>\r\n    <td>Triumph TR3<\/td>\r\n  <\/tr>\r\n  <tr>\r\n    <td><strong>6\u00e8me Edition 1999<\/strong><\/td>\r\n      <td><em>Classic<\/em><\/td>\r\n    <td>Broderick &#8211; Broderick<\/td>\r\n    <td>USA<\/td>\r\n    <td>Mini Cooper S<\/td>\r\n  <\/tr>\r\n  <tr>\r\n    <td><strong>7\u00e8me Edition 2000<\/strong><\/td>\r\n     <td><em>Classic<\/em><\/td>\r\n    <td>Kane &#8211; Kane<\/td>\r\n    <td>USA<\/td>\r\n    <td>Porsche 356<\/td>\r\n  <\/tr>\r\n    <tr>\r\n    <td><strong>8\u00e8me Edition 2001<\/strong><\/td>\r\n     <td><em>Classic<\/em><\/td>\r\n    <td>Wirth &#8211; Schmitt<\/td>\r\n    <td>Allemagne<\/td>\r\n    <td>Jaguar Mk.II<\/td>\r\n  <\/tr>\r\n    <tr>\r\n    <td><strong>9\u00e8me Edition 2002<\/strong><\/td>\r\n     <td><em>Classic<\/em><\/td>\r\n    <td>Ghistelinck &#8211; Soens<\/td>\r\n    <td>Belgique<\/td>\r\n    <td>Mercedes 280<\/td>\r\n  <\/tr>\r\n   <tr>\r\n    <td><strong>10\u00e8me Edition 2003<\/strong><\/td>\r\n     <td><em>Classic<\/em><\/td>\r\n    <td>Consten &#8211; Miloe<\/td>\r\n    <td>France<\/td>\r\n    <td>Jaguar XK140<\/td>\r\n  <\/tr>\r\n    <tr>\r\n    <td><strong>11\u00e8me Edition 2004<\/strong><\/td>\r\n     <td><em>Classic<\/em><\/td>\r\n    <td>Driot &#8211; Driot<\/td>\r\n    <td>France<\/td>\r\n    <td>Porsche 911 2.7<\/td>\r\n  <\/tr>\r\n    <tr>\r\n    <td><strong>12\u00e8me Edition 2005<\/strong><\/td>\r\n     <td><em>Classic<\/em><\/td>\r\n    <td>Solari-Bozzi &#8211; Kesserling<\/td>\r\n    <td>Suisse<\/td>\r\n    <td>Alfa Romeo Giulietta<\/td>\r\n  <\/tr>\r\n    <tr>\r\n    <td><\/td>\r\n    <td><em>Prestige<\/em><\/td>\r\n    <td>Lahlou &#8211; Lahlou<\/td>\r\n\t<td>Maroc<\/td>\r\n    <td>Porsche 911<\/td>\r\n  <\/tr>\r\n      <tr>\r\n    <td><strong>13\u00e8me Edition 2006<\/strong><\/td>\r\n     <td><em>Classic<\/em><\/td>\r\n    <td>Lazar &#8211; Agostini<\/td>\r\n    <td>France<\/td>\r\n    <td>Ferrari 308 BB<\/td>\r\n  <\/tr>\r\n    <tr>\r\n    <td><\/td>\r\n    <td><em>Prestige<\/em><\/td>\r\n    <td>Lilojkovic &#8211; Ljubisvevic<\/td>\r\n\t<td>Serbie-Montenegro<\/td>\r\n    <td>Mercedes 600 SL<\/td>\r\n  <\/tr>\r\n      <tr>\r\n    <td><strong>14\u00e8me Edition 2007<\/strong><\/td>\r\n     <td><em>Classic<\/em><\/td>\r\n    <td>Lazar &#8211; Agostini<\/td>\r\n    <td>France<\/td>\r\n    <td>Ferrari 308 BB<\/td>\r\n  <\/tr>\r\n    <tr>\r\n    <td><\/td>\r\n \t<td><em>Prestige<\/em><\/td>\r\n    <td>Lahlou &#8211; Lahlou<\/td>\r\n\t<td>Maroc<\/td>\r\n    <td>Porsche 911<\/td>\r\n  <\/tr>\r\n    <tr>\r\n    <td><strong>15\u00e8me Edition 2008<\/strong><\/td>\r\n     <td><em>Classic<\/em><\/td>\r\n    <td>Ismail &#8211; Ismail<\/td>\r\n    <td>Madagascar<\/td>\r\n    <td>Porsche 911<\/td>\r\n  <\/tr>\r\n    <tr>\r\n    <td><\/td>\r\n    <td><em>Prestige<\/em><\/td>\r\n    <td>Revret &#8211; Dubell<\/td>\r\n\t<td>France<\/td>\r\n    <td>Porsche 911 SC<\/td>\r\n  <\/tr>\r\n      <tr>\r\n    <td><strong>16\u00e8me Edition 2009<\/strong><\/td>\r\n     <td><em>Classic<\/em><\/td>\r\n    <td>Wiederin &#8211; Hoefer<\/td>\r\n    <td>Allemagne<\/td>\r\n    <td>Porsche 356<\/td>\r\n  <\/tr>\r\n    <tr>\r\n    <td><\/td>\r\n    <td><em>Prestige<\/em><\/td>\r\n    <td>Repoux &#8211; Pata Lavigne<\/td>\r\n\t<td>France<\/td>\r\n    <td>Lotus Elise<\/td>\r\n  <\/tr>\r\n      <tr>\r\n    <td><strong>17\u00e8me Edition 2010<\/strong><\/td>\r\n     <td><em>Classic<\/em><\/td>\r\n    <td>Wiederin &#8211; Hoefer<\/td>\r\n    <td>Allemagne<\/td>\r\n    <td>Porsche 356<\/td>\r\n  <\/tr>\r\n    <tr>\r\n    <td><\/td>\r\n    <td><em>Prestige<\/em><\/td>\r\n    <td>Repoux &#8211; Pata Lavigne<\/td>\r\n\t<td>France<\/td>\r\n    <td>Lotus Elise<\/td>\r\n  <\/tr>\r\n      <tr>\r\n    <td><strong>18\u00e8me Edition 2011<\/strong><\/td>\r\n     <td><em>Classic<\/em><\/td>\r\n    <td>Lazar &#8211; Agostini<\/td>\r\n    <td>France<\/td>\r\n    <td>Ferrari 308 BB<\/td>\r\n  <\/tr>\r\n    <tr>\r\n    <td><\/td>\r\n    <td><em>Prestige<\/em><\/td>\r\n    <td>Courtens &#8211; Courtens<\/td>\r\n\t<td>Belgique<\/td>\r\n    <td>Ferrari 328 GTS<\/td>\r\n  <\/tr>\r\n    <tr>\r\n    <td><strong>19\u00e8me Edition 2012<\/strong><\/td>\r\n     <td><em>Classic<\/em><\/td>\r\n    <td>End &#8211; End<\/td>\r\n\t<td>Allemagne<\/td>\r\n    <td>Lotus Elan<\/td>\r\n  <\/tr>\r\n    <tr>\r\n    <td><\/td>\r\n    <td><em>Prestige<\/em><\/td>\r\n    <td>Galvan &#8211; Galvan<\/td>\r\n    <td>Espagne<\/td>\r\n    <td>Ferrari 612 Scaglietti<\/td>\r\n  <\/tr>\r\n      <tr>\r\n    <td><strong>20\u00e8me Edition 2013<\/strong><\/td>\r\n     <td><em>Classic<\/em><\/td>\r\n    <td>Kaiser &#8211; Kaiser<\/td>\r\n    <td>Lichtestein<\/td>\r\n    <td>Mercedes 300 SL<\/td>\r\n  <\/tr>\r\n    <tr>\r\n    <td><\/td>\r\n    <td><em>Prestige<\/em><\/td>\r\n    <td>Nuyttens &#8211; El Galay<\/td>\r\n\t<td>Belgique<\/td>\r\n    <td>Mercedes G55 AMG<\/td>\r\n  <\/tr>\r\n      <tr>\r\n    <td><strong>21\u00e8me Edition 2014<\/strong><\/td>\r\n     <td><em>Classic<\/em><\/td>\r\n    <td>Touhlali &#8211; Verger<\/td>\r\n    <td>Maroc<\/td>\r\n    <td>Porsche 911<\/td>\r\n  <\/tr>\r\n    <tr>\r\n    <td><\/td>\r\n    <td><em>Prestige<\/em><\/td>\r\n    <td>Lejonc &#8211; Pernot<\/td>\r\n\t<td>France<\/td>\r\n    <td>Porsche 997 GT3<\/td>\r\n  <\/tr>\r\n      <tr>\r\n    <td><strong>22\u00e8me Edition 2015<\/strong><\/td>\r\n     <td><em>Classic<\/em><\/td>\r\n    <td>Cerezo &#8211; Cerezo<\/td>\r\n\t<td>Espagne<\/td>\r\n    <td>Jaguar XK140<\/td>\r\n  <\/tr>\r\n    <tr>\r\n    <td><\/td>\r\n    <td><em>Prestige<\/em><\/td>\r\n    <td>Equipage Renault<\/td>\r\n\t<td>Maroc<\/td>\r\n    <td>Renault Megane RS<\/td>\r\n  <\/tr>\r\n      <tr>\r\n    <td><strong>23\u00e8me Edition 2016<\/strong><\/td>\r\n     <td><em>Classic<\/em><\/td>\r\n    <td>Courtens &#8211; Courtens<\/td>\r\n    <td>Belgique<\/td>\r\n    <td>Porsche 911<\/td>\r\n  <\/tr>\r\n    <tr>\r\n    <td><\/td>\r\n    <td><em>Prestige<\/em><\/td>\r\n    <td>Equipage Renault<\/td>\r\n\t<td>Maroc<\/td>\r\n    <td>Renault Megane RS<\/td>\r\n  <\/tr>\r\n      <tr>\r\n    <td><strong>24\u00e8me Edition 2017<\/strong><\/td>\r\n     <td><em>Classic<\/em><\/td>\r\n    <td>Ghistelinck &#8211; David<\/td>\r\n    <td>Belgique<\/td>\r\n    <td>Mercedes 280 SE<\/td>\r\n  <\/tr>\r\n    <tr>\r\n    <td><\/td>\r\n    <td><em>Prestige<\/em><\/td>\r\n    <td>Equipage Total<\/td>\r\n\t<td>Maroc<\/td>\r\n    <td>Maserati Gran Turismo<\/td>\r\n  <\/tr>\r\n      <tr>\r\n    <td><strong>25\u00e8me Edition 2018<\/strong><\/td>\r\n     <td><em>Classic<\/em><\/td>\r\n    <td>Meziane &#8211; Chemao<\/td>\r\n    <td>Maroc<\/td>\r\n    <td>Porsche 911<\/td>\r\n  <\/tr>\r\n    <tr>\r\n    <td><\/td>\r\n    <td><em>Prestige<\/em><\/td>\r\n    <td>Ouvier &#8211; Ouvier<\/td>\r\n\t<td>France<\/td>\r\n    <td>Dodge Viper<\/td>\r\n  <\/tr>\r\n      <tr>\r\n    <td><strong>26\u00e8me Edition 2019<\/strong><\/td>\r\n     <td><em>Classic<\/em><\/td>\r\n    <td>Raynal &#8211; Figaret<\/td>\r\n    <td>France<\/td>\r\n    <td>Shelby Cobra<\/td>\r\n  <\/tr>\r\n    <tr>\r\n    <td><\/td>\r\n    <td><em>Prestige<\/em><\/td>\r\n    <td>Ouvier &#8211; Ouvier<\/td>\r\n\t<td>France<\/td>\r\n    <td>BMW Z4<\/td>\r\n  <\/tr>\r\n      <tr>\r\n    <td><strong>27\u00e8me Edition 2022<\/strong><\/td>\r\n     <td><em>Classic<\/em><\/td>\r\n    <td>Jadot &#8211; Mestdagh<\/td>\r\n    <td>Belgique<\/td>\r\n    <td>AC Bristol<\/td>\r\n  <\/tr>\r\n    <tr>\r\n    <td><\/td>\r\n    <td><em>Prestige<\/em><\/td>\r\n    <td>Roche &#8211; Renaudat<\/td>\r\n\t<td>France<\/td>\r\n    <td>Alpine A110<\/td>\r\n  <\/tr>\r\n <tr>\r\n    <td><strong>28\u00e8me Edition 2023<\/strong><\/td>\r\n     <td><em>Classic<\/em><\/td>\r\n    <td>Delvaux &#8211; Delvaux<\/td>\r\n    <td>Belgium<\/td>\r\n    <td>Alfa Romeo Giulia<\/td>\r\n  <\/tr>\r\n    <tr>\r\n    <td><\/td>\r\n    <td><em>Prestige<\/em><\/td>\r\n    <td>Ettienne &#8211; Ettienne<\/td>\r\n\t<td>France<\/td>\r\n    <td>BMW i8<\/td>\r\n  <\/tr>\r\n <tr>\r\n    <td><strong>29\u00e8me Edition 2024<\/strong><\/td>\r\n     <td><em>Classic<\/em><\/td>\r\n    <td>Arlaud &#8211; Arlaud<\/td>\r\n    <td>France<\/td>\r\n    <td>Citro\u00ebn SM<\/td>\r\n  <\/tr>\r\n    <tr>\r\n   <td><\/td>\r\n    <td><em>Prestige<\/em><\/td>\r\n    <td>Ettienne &#8211; Ettienne<\/td>\r\n\t<td>France<\/td>\r\n    <td>BMW i8<\/td>\r\n  <\/tr>\r\n   <tr>\r\n    <td><strong>30\u00e8me Edition 2025<\/strong><\/td>\r\n     <td><em>Classic<\/em><\/td>\r\n    <td>Riera &#8211; Riera<\/td>\r\n    <td>France<\/td>\r\n    <td>Jaguar Type E<\/td>\r\n  <\/tr>\r\n  <tr>\r\n    <td><strong>31\u00e8me Edition 2025<\/strong><\/td>\r\n     <td><em>Classic<\/em><\/td>\r\n    <td>Lloyd &#8211; Lloyd<\/td>\r\n    <td>United Kingdom<\/td>\r\n    <td>Datsun 240Z<\/td>\r\n  <\/tr>\r\n<\/table>","protected":false},"excerpt":{"rendered":"<p>PALMARES Ann\u00e9e Cat\u00e9gorie Pilote &#8211; CoPilote Pays Vehicule 1\u00e8re Edition 1993 Classic De Muelunaere &#8211; Maertens Belgique Porsche 356 2\u00e8me Edition 1995 Classic Greuet &#8211; Lair France Aston Martin DB5 3\u00e8me Edition 1996 Classic Roux &#8211; Repoux France Alpine A110 4\u00e8me Edition 1997 Classic Neyret &#8211; Neyret France Ferrari 365 GTB4 5\u00e8me Edition 1998 Classic [&hellip;]<\/p>\n","protected":false},"author":2,"featured_media":0,"parent":0,"menu_order":0,"comment_status":"closed","ping_status":"closed","template":"","meta":{"footnotes":""},"class_list":["post-8845","page","type-page","status-publish","hentry","post"],"translation":{"provider":"WPGlobus","version":"3.0.2","language":"en","enabled_languages":["fr","en"],"languages":{"fr":{"title":true,"content":true,"excerpt":false},"en":{"title":true,"content":true,"excerpt":false}}},"_links":{"self":[{"href":"http:\/\/www.rallye-maroc-classic.com\/en\/wp-json\/wp\/v2\/pages\/8845","targetHints":{"allow":["GET"]}}],"collection":[{"href":"http:\/\/www.rallye-maroc-classic.com\/en\/wp-json\/wp\/v2\/pages"}],"about":[{"href":"http:\/\/www.rallye-maroc-classic.com\/en\/wp-json\/wp\/v2\/types\/page"}],"author":[{"embeddable":true,"href":"http:\/\/www.rallye-maroc-classic.com\/en\/wp-json\/wp\/v2\/users\/2"}],"replies":[{"embeddable":true,"href":"http:\/\/www.rallye-maroc-classic.com\/en\/wp-json\/wp\/v2\/comments?post=8845"}],"version-history":[{"count":11,"href":"http:\/\/www.rallye-maroc-classic.com\/en\/wp-json\/wp\/v2\/pages\/8845\/revisions"}],"predecessor-version":[{"id":12747,"href":"http:\/\/www.rallye-maroc-classic.com\/en\/wp-json\/wp\/v2\/pages\/8845\/revisions\/12747"}],"wp:attachment":[{"href":"http:\/\/www.rallye-maroc-classic.com\/en\/wp-json\/wp\/v2\/media?parent=8845"}],"curies":[{"name":"wp","href":"https:\/\/api.w.org\/{rel}","templated":true}]}}